{"id":167,"date":"2021-02-23T11:51:23","date_gmt":"2021-02-23T11:51:23","guid":{"rendered":"http:\/\/fioritipropiedades.com.ar?page_id=167"},"modified":"2021-02-23T12:07:18","modified_gmt":"2021-02-23T12:07:18","slug":"ventadtop-mar-del-plata","status":"publish","type":"page","link":"http:\/\/fioritipropiedades.com.ar\/?page_id=167","title":{"rendered":"Dtop Mar del Plata"},"content":{"rendered":"\n    \n    <div class=\"es-wrap astra\/astra\">\n                    \n    <form method=\"GET\" action=\"http:\/\/fioritipropiedades.com.ar\/index.php?rest_route=%2Fwp%2Fv2%2Fpages%2F167\" class=\"es-dropdown-container\">\n        <select class=\"js-es-select2-base js-es-change-submit\" name=\"redirect_view_sort\">\n                            <option value=\"recent\" >M\u00e1s reciente<\/option>\n                            <option value=\"highest_price\" >Precio m\u00e1s alto<\/option>\n                            <option value=\"lowest_price\" >Precio m\u00e1s bajo<\/option>\n                            <option value=\"featured\" >Destacado<\/option>\n                    <\/select>\n        <input type=\"hidden\" name=\"shortcode_identifier\" value=\"1\"\/>\n    <\/form>\n                <div class=\"es-listing es-layout-3_col\">\n                            \n<div id=\"post-1066\" class=\"post-1066 properties type-properties status-publish has-post-thumbnail hentry es_category-ventadptomdp\">\n    <div class=\"es-property-inner\">\n        <div class=\"es-property-thumbnail\">\n            <div class=\"es-thumbnail\">\n                <a href=\"http:\/\/fioritipropiedades.com.ar\/?properties=depto-venta-mar-del-plata-2\">\n                                            <img loading=\"lazy\" decoding=\"async\" width=\"536\" height=\"370\" src=\"http:\/\/fioritipropiedades.com.ar\/wp-content\/uploads\/2022\/04\/ababf1ed-3f4a-420b-96fa-f94f0eb8abdf-536x370.jpg\" class=\"attachment-es-image-size-archive size-es-image-size-archive\" alt=\"\" \/>                    \n                                                                <div class=\"es-thumbnail-bottom\">5<\/div>\n                                    <\/a>\n            <\/div>\n        <\/div>\n\n        <div class=\"es-property-info\">\n\n            <div class=\"es-row-view\">\n                <h2>\n                    <a href=\"http:\/\/fioritipropiedades.com.ar\/?properties=depto-venta-mar-del-plata-2\">DEPTO VENTA MAR DEL PLATA<\/a>\n                    <span class=\"es-price\">$ 65,000.00<\/span>                <\/h2>\n            <\/div>\n\n            <div class=\"es-col-view\">\n                <h2>\n                    <a class=\"es-property-link\" href=\"http:\/\/fioritipropiedades.com.ar\/?properties=depto-venta-mar-del-plata-2\">DEPTO VENTA MAR DEL PLATA<\/a>\n\t                                <\/h2>\n\t            <span class=\"es-price\">$ 65,000.00<\/span>                \n <span class=\"es-price-note\">EN DOLARES<\/span>            <\/div>\n\n\t        \n            <div class=\"es-property-content\">\n                <div class=\"es-property-excerpt\">\n\t\t            <p>DEPARTAMENTO EN VENTA EN MAR DEL PLATA. CALLE 9 DE JULIO Y TIERRA DEL FUEGO, 9\u00ba PISO A LA CALLE COMODIDADES: COCINA, LIVING COMEDOR, 2 HABITACIONES Y BA\u00d1O. CODIGO: #23HE<\/p>\n                <\/div>\n                <div class=\"es-property-wishlist\">\n\t\t                            <\/div>\n            <\/div>\n\n\n            <div class=\"es-bottom-info\">\n\n                                    <div class=\"es-bottom-icon-cols\">\n                                                                             <span class=\"es-bottom-icon\"><i class=\"es-icon es-bed\" aria-hidden=\"true\"><\/i> 2 \u0441uartos<\/span>                                                                            <span class=\"es-bottom-icon\"><i class=\"es-icon es-bath\" aria-hidden=\"true\"><\/i> 1 ba\u00f1o<\/span>                                            <\/div>\n                \n                                    <div class=\"es-bottom-icon-list\">\n                                                                            <span class=\"es-bottom-icon\"><i class=\"es-icon es-bed\" aria-hidden=\"true\"><\/i> 2 \u0441uartos<\/span>                                                                            <span class=\"es-bottom-icon\"><i class=\"es-icon es-bath\" aria-hidden=\"true\"><\/i> 1 ba\u00f1o<\/span>                                            <\/div>\n                \n                <div class=\"es-details-wrap es-details-no-padding\">\n                    <div class=\"es-details-flex\">\n                                                <span class=\"es-read-wrap\">\n                            <a href=\"http:\/\/fioritipropiedades.com.ar\/?properties=depto-venta-mar-del-plata-2\" class=\"es-button es-button-orange es-hover-show es-read\">Detalles<\/a>\n                        <\/span>\n                    <\/div>\n                <\/div>\n            <\/div>\n        <\/div>\n\n    <\/div>\n<\/div>\n                            \n<div id=\"post-1058\" class=\"post-1058 properties type-properties status-publish has-post-thumbnail hentry es_category-ventadptomdp\">\n    <div class=\"es-property-inner\">\n        <div class=\"es-property-thumbnail\">\n            <div class=\"es-thumbnail\">\n                <a href=\"http:\/\/fioritipropiedades.com.ar\/?properties=depto-venta-mar-del-plata\">\n                                            <img loading=\"lazy\" decoding=\"async\" width=\"536\" height=\"370\" src=\"http:\/\/fioritipropiedades.com.ar\/wp-content\/uploads\/2022\/04\/8c5d5ea2-2459-4b88-acca-155975478e19-536x370.jpg\" class=\"attachment-es-image-size-archive size-es-image-size-archive\" alt=\"\" \/>                    \n                                                                <div class=\"es-thumbnail-bottom\">7<\/div>\n                                    <\/a>\n            <\/div>\n        <\/div>\n\n        <div class=\"es-property-info\">\n\n            <div class=\"es-row-view\">\n                <h2>\n                    <a href=\"http:\/\/fioritipropiedades.com.ar\/?properties=depto-venta-mar-del-plata\">DEPTO VENTA MAR DEL PLATA<\/a>\n                    <span class=\"es-price\">$ 65,000.00<\/span>                <\/h2>\n            <\/div>\n\n            <div class=\"es-col-view\">\n                <h2>\n                    <a class=\"es-property-link\" href=\"http:\/\/fioritipropiedades.com.ar\/?properties=depto-venta-mar-del-plata\">DEPTO VENTA MAR DEL PLATA<\/a>\n\t                                <\/h2>\n\t            <span class=\"es-price\">$ 65,000.00<\/span>                \n <span class=\"es-price-note\">EN DOLARES<\/span>            <\/div>\n\n\t        \n            <div class=\"es-property-content\">\n                <div class=\"es-property-excerpt\">\n\t\t            <p>DEPARTAMENTO EN VENTA EN MAR DEL PLATA. CALLE 9 DE JULIO Y TIERRA DEL FUEGO, 6TO PISO A LA CALLE COMODIDADES: COCINA, LIVING COMEDOR, 2 HABITACIONES Y BA\u00d1O. CODIGO: #22HE<\/p>\n                <\/div>\n                <div class=\"es-property-wishlist\">\n\t\t                            <\/div>\n            <\/div>\n\n\n            <div class=\"es-bottom-info\">\n\n                                    <div class=\"es-bottom-icon-cols\">\n                                                                             <span class=\"es-bottom-icon\"><i class=\"es-icon es-bed\" aria-hidden=\"true\"><\/i> 2 \u0441uartos<\/span>                                                                            <span class=\"es-bottom-icon\"><i class=\"es-icon es-bath\" aria-hidden=\"true\"><\/i> 1 ba\u00f1o<\/span>                                            <\/div>\n                \n                                    <div class=\"es-bottom-icon-list\">\n                                                                            <span class=\"es-bottom-icon\"><i class=\"es-icon es-bed\" aria-hidden=\"true\"><\/i> 2 \u0441uartos<\/span>                                                                            <span class=\"es-bottom-icon\"><i class=\"es-icon es-bath\" aria-hidden=\"true\"><\/i> 1 ba\u00f1o<\/span>                                            <\/div>\n                \n                <div class=\"es-details-wrap es-details-no-padding\">\n                    <div class=\"es-details-flex\">\n                                                <span class=\"es-read-wrap\">\n                            <a href=\"http:\/\/fioritipropiedades.com.ar\/?properties=depto-venta-mar-del-plata\" class=\"es-button es-button-orange es-hover-show es-read\">Detalles<\/a>\n                        <\/span>\n                    <\/div>\n                <\/div>\n            <\/div>\n        <\/div>\n\n    <\/div>\n<\/div>\n                            \n<div id=\"post-893\" class=\"post-893 properties type-properties status-publish has-post-thumbnail hentry es_category-ventadptomdp\">\n    <div class=\"es-property-inner\">\n        <div class=\"es-property-thumbnail\">\n            <div class=\"es-thumbnail\">\n                <a href=\"http:\/\/fioritipropiedades.com.ar\/?properties=calle-falucho-entre-la-madrid-y-arenales\">\n                                            <img loading=\"lazy\" decoding=\"async\" width=\"536\" height=\"370\" src=\"http:\/\/fioritipropiedades.com.ar\/wp-content\/uploads\/2021\/09\/IMG-20210920-WA0007-536x370.jpg\" class=\"attachment-es-image-size-archive size-es-image-size-archive\" alt=\"\" \/>                    \n                                                                <div class=\"es-thumbnail-bottom\">1<\/div>\n                                    <\/a>\n            <\/div>\n        <\/div>\n\n        <div class=\"es-property-info\">\n\n            <div class=\"es-row-view\">\n                <h2>\n                    <a href=\"http:\/\/fioritipropiedades.com.ar\/?properties=calle-falucho-entre-la-madrid-y-arenales\">Calle Falucho entre La Madrid y Arenales.<\/a>\n                    <span class=\"es-price\">$ 68,000.00<\/span>                <\/h2>\n            <\/div>\n\n            <div class=\"es-col-view\">\n                <h2>\n                    <a class=\"es-property-link\" href=\"http:\/\/fioritipropiedades.com.ar\/?properties=calle-falucho-entre-la-madrid-y-arenales\">Calle Falucho entre La Madrid y Arenales.<\/a>\n\t                                <\/h2>\n\t            <span class=\"es-price\">$ 68,000.00<\/span>                \n <span class=\"es-price-note\">EN DOLARES<\/span>            <\/div>\n\n\t        \n            <div class=\"es-property-content\">\n                <div class=\"es-property-excerpt\">\n\t\t            <p>Depto 5to piso a la calle con balc\u00f3n saliente. COMODIDADES: Living comedor, cocina separada, ba\u00f1o y habitaci\u00f3n. Obra de gas realizada Codigo: #06SB<\/p>\n                <\/div>\n                <div class=\"es-property-wishlist\">\n\t\t                            <\/div>\n            <\/div>\n\n\n            <div class=\"es-bottom-info\">\n\n                \n                \n                <div class=\"es-details-wrap \">\n                    <div class=\"es-details-flex\">\n                                                <span class=\"es-read-wrap\">\n                            <a href=\"http:\/\/fioritipropiedades.com.ar\/?properties=calle-falucho-entre-la-madrid-y-arenales\" class=\"es-button es-button-orange es-hover-show es-read\">Detalles<\/a>\n                        <\/span>\n                    <\/div>\n                <\/div>\n            <\/div>\n        <\/div>\n\n    <\/div>\n<\/div>\n                            \n<div id=\"post-817\" class=\"post-817 properties type-properties status-publish has-post-thumbnail hentry es_category-ventadptomdp\">\n    <div class=\"es-property-inner\">\n        <div class=\"es-property-thumbnail\">\n            <div class=\"es-thumbnail\">\n                <a href=\"http:\/\/fioritipropiedades.com.ar\/?properties=av-luro-y-corrientes\">\n                                            <img loading=\"lazy\" decoding=\"async\" width=\"536\" height=\"370\" src=\"http:\/\/fioritipropiedades.com.ar\/wp-content\/uploads\/2021\/07\/IMG-20210713-WA0065-536x370.jpg\" class=\"attachment-es-image-size-archive size-es-image-size-archive\" alt=\"\" \/>                    \n                                                                <div class=\"es-thumbnail-bottom\">6<\/div>\n                                    <\/a>\n            <\/div>\n        <\/div>\n\n        <div class=\"es-property-info\">\n\n            <div class=\"es-row-view\">\n                <h2>\n                    <a href=\"http:\/\/fioritipropiedades.com.ar\/?properties=av-luro-y-corrientes\">Av. Luro y Corrientes<\/a>\n                                    <\/h2>\n            <\/div>\n\n            <div class=\"es-col-view\">\n                <h2>\n                    <a class=\"es-property-link\" href=\"http:\/\/fioritipropiedades.com.ar\/?properties=av-luro-y-corrientes\">Av. Luro y Corrientes<\/a>\n\t                                <\/h2>\n\t                            \n             <\/div>\n\n\t        \n            <div class=\"es-property-content\">\n                <div class=\"es-property-excerpt\">\n\t\t            <p>Departamento mono-ambiente con cocina dividida, Segundo piso a la calle. Permuta por propiedad en Balcarce.<\/p>\n                <\/div>\n                <div class=\"es-property-wishlist\">\n\t\t                            <\/div>\n            <\/div>\n\n\n            <div class=\"es-bottom-info\">\n\n                \n                \n                <div class=\"es-details-wrap \">\n                    <div class=\"es-details-flex\">\n                                                <span class=\"es-read-wrap\">\n                            <a href=\"http:\/\/fioritipropiedades.com.ar\/?properties=av-luro-y-corrientes\" class=\"es-button es-button-orange es-hover-show es-read\">Detalles<\/a>\n                        <\/span>\n                    <\/div>\n                <\/div>\n            <\/div>\n        <\/div>\n\n    <\/div>\n<\/div>\n                            \n<div id=\"post-697\" class=\"post-697 properties type-properties status-publish has-post-thumbnail hentry es_category-ventadpto es_category-ventadptomdp\">\n    <div class=\"es-property-inner\">\n        <div class=\"es-property-thumbnail\">\n            <div class=\"es-thumbnail\">\n                <a href=\"http:\/\/fioritipropiedades.com.ar\/?properties=corrientes-y-luro\">\n                                            <img loading=\"lazy\" decoding=\"async\" width=\"536\" height=\"370\" src=\"http:\/\/fioritipropiedades.com.ar\/wp-content\/uploads\/2021\/03\/121674135_10224071100474258_2884826665124121506_n-536x370.jpg\" class=\"attachment-es-image-size-archive size-es-image-size-archive\" alt=\"\" \/>                    \n                                                                <div class=\"es-thumbnail-bottom\">9<\/div>\n                                    <\/a>\n            <\/div>\n        <\/div>\n\n        <div class=\"es-property-info\">\n\n            <div class=\"es-row-view\">\n                <h2>\n                    <a href=\"http:\/\/fioritipropiedades.com.ar\/?properties=corrientes-y-luro\">Corrientes y Luro<\/a>\n                                    <\/h2>\n            <\/div>\n\n            <div class=\"es-col-view\">\n                <h2>\n                    <a class=\"es-property-link\" href=\"http:\/\/fioritipropiedades.com.ar\/?properties=corrientes-y-luro\">Corrientes y Luro<\/a>\n\t                                <\/h2>\n\t                            \n <span class=\"es-price-note\">CONSULTE!!!!!<\/span>            <\/div>\n\n\t        \n            <div class=\"es-property-content\">\n                <div class=\"es-property-excerpt\">\n\t\t            <p>Venta depto en Mar del Plata. . A 100 mts del mar. Dos ambientes con cochera. Se acepta permuta en Balcarce. CONSULTE!!!<\/p>\n                <\/div>\n                <div class=\"es-property-wishlist\">\n\t\t                            <\/div>\n            <\/div>\n\n\n            <div class=\"es-bottom-info\">\n\n                \n                \n                <div class=\"es-details-wrap \">\n                    <div class=\"es-details-flex\">\n                                                <span class=\"es-read-wrap\">\n                            <a href=\"http:\/\/fioritipropiedades.com.ar\/?properties=corrientes-y-luro\" class=\"es-button es-button-orange es-hover-show es-read\">Detalles<\/a>\n                        <\/span>\n                    <\/div>\n                <\/div>\n            <\/div>\n        <\/div>\n\n    <\/div>\n<\/div>\n                            \n<div id=\"post-680\" class=\"post-680 properties type-properties status-publish has-post-thumbnail hentry es_category-ventadpto es_category-ventadptomdp\">\n    <div class=\"es-property-inner\">\n        <div class=\"es-property-thumbnail\">\n            <div class=\"es-thumbnail\">\n                <a href=\"http:\/\/fioritipropiedades.com.ar\/?properties=brown-entre-sta-fe-y-corrientes\">\n                                            <img loading=\"lazy\" decoding=\"async\" width=\"536\" height=\"370\" src=\"http:\/\/fioritipropiedades.com.ar\/wp-content\/uploads\/2021\/03\/IMG-20210205-WA0018-1-536x370.jpg\" class=\"attachment-es-image-size-archive size-es-image-size-archive\" alt=\"\" \/>                    \n                                                                <div class=\"es-thumbnail-bottom\">9<\/div>\n                                    <\/a>\n            <\/div>\n        <\/div>\n\n        <div class=\"es-property-info\">\n\n            <div class=\"es-row-view\">\n                <h2>\n                    <a href=\"http:\/\/fioritipropiedades.com.ar\/?properties=brown-entre-sta-fe-y-corrientes\">Brown entre Sta. Fe y Corrientes<\/a>\n                                    <\/h2>\n            <\/div>\n\n            <div class=\"es-col-view\">\n                <h2>\n                    <a class=\"es-property-link\" href=\"http:\/\/fioritipropiedades.com.ar\/?properties=brown-entre-sta-fe-y-corrientes\">Brown entre Sta. Fe y Corrientes<\/a>\n\t                                <\/h2>\n\t                            \n <span class=\"es-price-note\">CONSULTE!!!!!<\/span>            <\/div>\n\n\t        \n            <div class=\"es-property-content\">\n                <div class=\"es-property-excerpt\">\n\t\t            <p>Departamento en Mar del Plata (ambiente dividido y cocina separada). 8\u00a0 piso. Contra frente. 27 mts. Cub. aprox.<\/p>\n                <\/div>\n                <div class=\"es-property-wishlist\">\n\t\t                            <\/div>\n            <\/div>\n\n\n            <div class=\"es-bottom-info\">\n\n                \n                \n                <div class=\"es-details-wrap \">\n                    <div class=\"es-details-flex\">\n                                                <span class=\"es-read-wrap\">\n                            <a href=\"http:\/\/fioritipropiedades.com.ar\/?properties=brown-entre-sta-fe-y-corrientes\" class=\"es-button es-button-orange es-hover-show es-read\">Detalles<\/a>\n                        <\/span>\n                    <\/div>\n                <\/div>\n            <\/div>\n        <\/div>\n\n    <\/div>\n<\/div>\n                    <\/div>\n\n            <\/div>\n            \n","protected":false},"excerpt":{"rendered":"","protected":false},"author":1,"featured_media":0,"parent":20,"menu_order":0,"comment_status":"closed","ping_status":"closed","template":"","meta":{"om_disable_all_campaigns":false,"_mi_skip_tracking":false,"_monsterinsights_sitenote_active":false,"_monsterinsights_sitenote_note":"","_monsterinsights_sitenote_category":0,"footnotes":""},"class_list":["post-167","page","type-page","status-publish","hentry"],"aioseo_notices":[],"_links":{"self":[{"href":"http:\/\/fioritipropiedades.com.ar\/index.php?rest_route=\/wp\/v2\/pages\/167","targetHints":{"allow":["GET"]}}],"collection":[{"href":"http:\/\/fioritipropiedades.com.ar\/index.php?rest_route=\/wp\/v2\/pages"}],"about":[{"href":"http:\/\/fioritipropiedades.com.ar\/index.php?rest_route=\/wp\/v2\/types\/page"}],"author":[{"embeddable":true,"href":"http:\/\/fioritipropiedades.com.ar\/index.php?rest_route=\/wp\/v2\/users\/1"}],"replies":[{"embeddable":true,"href":"http:\/\/fioritipropiedades.com.ar\/index.php?rest_route=%2Fwp%2Fv2%2Fcomments&post=167"}],"version-history":[{"count":1,"href":"http:\/\/fioritipropiedades.com.ar\/index.php?rest_route=\/wp\/v2\/pages\/167\/revisions"}],"predecessor-version":[{"id":168,"href":"http:\/\/fioritipropiedades.com.ar\/index.php?rest_route=\/wp\/v2\/pages\/167\/revisions\/168"}],"up":[{"embeddable":true,"href":"http:\/\/fioritipropiedades.com.ar\/index.php?rest_route=\/wp\/v2\/pages\/20"}],"wp:attachment":[{"href":"http:\/\/fioritipropiedades.com.ar\/index.php?rest_route=%2Fwp%2Fv2%2Fmedia&parent=167"}],"curies":[{"name":"wp","href":"https:\/\/api.w.org\/{rel}","templated":true}]}}